{"id":1170,"date":"2024-02-21T19:52:19","date_gmt":"2024-02-21T22:52:19","guid":{"rendered":"https:\/\/edgeuol.levante.cx\/?page_id=1170"},"modified":"2026-01-27T13:17:10","modified_gmt":"2026-01-27T16:17:10","slug":"nuvem-hibrida-nuvem-privada","status":"publish","type":"page","link":"https:\/\/edgeuol.levante.cx\/pt\/hybrid-cloud-infrastructure\/nuvem-hibrida-nuvem-privada\/","title":{"rendered":"Nuvem H\u00edbrida | Nuvem Privada"},"content":{"rendered":"","protected":false},"excerpt":{"rendered":"","protected":false},"author":1,"featured_media":0,"parent":5164,"menu_order":0,"comment_status":"closed","ping_status":"closed","template":"page_solution2.php","meta":{"_acf_changed":false,"inline_featured_image":false,"footnotes":""},"class_list":["post-1170","page","type-page","status-publish","hentry"],"acf":[],"yoast_head":"<!-- This site is optimized with the Yoast SEO Premium plugin v26.5 (Yoast SEO v27.0) - https:\/\/yoast.com\/product\/yoast-seo-premium-wordpress\/ -->\n<title>Nuvem H\u00edbrida | Nuvem Privada<\/title>\n<meta name=\"description\" content=\"Ambientes h\u00edbridos e de nuvem privada com alta disponibilidade, escalabilidade e seguran\u00e7a.\" \/>\n<meta name=\"robots\" content=\"noindex, follow, max-snippet:-1, max-image-preview:large, max-video-preview:-1\" \/>\n<meta property=\"og:locale\" content=\"pt_BR\" \/>\n<meta property=\"og:type\" content=\"article\" \/>\n<meta property=\"og:title\" content=\"Nuvem H\u00edbrida | Nuvem Privada\" \/>\n<meta property=\"og:description\" content=\"Sua empresa precisa de Cloud Computing de forma simples e robusta? Edge VMware Cloud \u00e9 a solu\u00e7\u00e3o.\" \/>\n<meta property=\"og:url\" content=\"https:\/\/edgeuol.levante.cx\/pt\/hybrid-cloud-infrastructure\/nuvem-hibrida-nuvem-privada\/\" \/>\n<meta property=\"og:site_name\" content=\"Edge UOL\" \/>\n<meta property=\"article:publisher\" content=\"https:\/\/www.facebook.com\/edge.uol\/\" \/>\n<meta property=\"article:modified_time\" content=\"2026-01-27T16:17:10+00:00\" \/>\n<meta property=\"og:image\" content=\"https:\/\/edgeuol.levante.cx\/app-holder\/uploads\/2024\/02\/hero-edge_vmware_cloud.jpg\" \/>\n\t<meta property=\"og:image:width\" content=\"960\" \/>\n\t<meta property=\"og:image:height\" content=\"530\" \/>\n\t<meta property=\"og:image:type\" content=\"image\/jpeg\" \/>\n<meta name=\"twitter:card\" content=\"summary_large_image\" \/>\n<meta name=\"twitter:site\" content=\"@edgeuol\" \/>\n<meta name=\"twitter:label1\" content=\"Est. tempo de leitura\" \/>\n\t<meta name=\"twitter:data1\" content=\"4 minutos\" \/>\n<script type=\"application\/ld+json\" class=\"yoast-schema-graph\">{\"@context\":\"https:\/\/schema.org\",\"@graph\":[{\"@type\":\"WebPage\",\"@id\":\"https:\/\/edgeuol.levante.cx\/pt\/hybrid-cloud-infrastructure\/nuvem-hibrida-nuvem-privada\/\",\"url\":\"https:\/\/edgeuol.levante.cx\/pt\/hybrid-cloud-infrastructure\/nuvem-hibrida-nuvem-privada\/\",\"name\":\"Nuvem H\u00edbrida | Nuvem Privada\",\"isPartOf\":{\"@id\":\"https:\/\/edgeuol.levante.cx\/pt\/#website\"},\"datePublished\":\"2024-02-21T22:52:19+00:00\",\"dateModified\":\"2026-01-27T16:17:10+00:00\",\"description\":\"Ambientes h\u00edbridos e de nuvem privada com alta disponibilidade, escalabilidade e seguran\u00e7a.\",\"breadcrumb\":{\"@id\":\"https:\/\/edgeuol.levante.cx\/pt\/hybrid-cloud-infrastructure\/nuvem-hibrida-nuvem-privada\/#breadcrumb\"},\"inLanguage\":\"pt-BR\",\"potentialAction\":[{\"@type\":\"ReadAction\",\"target\":[\"https:\/\/edgeuol.levante.cx\/pt\/hybrid-cloud-infrastructure\/nuvem-hibrida-nuvem-privada\/\"]}]},{\"@type\":\"BreadcrumbList\",\"@id\":\"https:\/\/edgeuol.levante.cx\/pt\/hybrid-cloud-infrastructure\/nuvem-hibrida-nuvem-privada\/#breadcrumb\",\"itemListElement\":[{\"@type\":\"ListItem\",\"position\":1,\"name\":\"In\u00edcio\",\"item\":\"https:\/\/edgeuol.levante.cx\/pt\/\"},{\"@type\":\"ListItem\",\"position\":2,\"name\":\"Hybrid Cloud &#038; Infrastructure\",\"item\":\"https:\/\/edgeuol.levante.cx\/pt\/hybrid-cloud-infrastructure\/\"},{\"@type\":\"ListItem\",\"position\":3,\"name\":\"Nuvem H\u00edbrida | Nuvem Privada\"}]},{\"@type\":\"WebSite\",\"@id\":\"https:\/\/edgeuol.levante.cx\/pt\/#website\",\"url\":\"https:\/\/edgeuol.levante.cx\/pt\/\",\"name\":\"Edge UOL\",\"description\":\"A Edge UOL transforma a \u00e1rea de TI da sua empresa, antecipando o futuro.\",\"potentialAction\":[{\"@type\":\"SearchAction\",\"target\":{\"@type\":\"EntryPoint\",\"urlTemplate\":\"https:\/\/edgeuol.levante.cx\/pt\/?s={search_term_string}\"},\"query-input\":{\"@type\":\"PropertyValueSpecification\",\"valueRequired\":true,\"valueName\":\"search_term_string\"}}],\"inLanguage\":\"pt-BR\"}]}<\/script>\n<!-- \/ Yoast SEO Premium plugin. -->","yoast_head_json":{"title":"Nuvem H\u00edbrida | Nuvem Privada","description":"Ambientes h\u00edbridos e de nuvem privada com alta disponibilidade, escalabilidade e seguran\u00e7a.","robots":{"index":"noindex","follow":"follow","max-snippet":"max-snippet:-1","max-image-preview":"max-image-preview:large","max-video-preview":"max-video-preview:-1"},"og_locale":"pt_BR","og_type":"article","og_title":"Nuvem H\u00edbrida | Nuvem Privada","og_description":"Sua empresa precisa de Cloud Computing de forma simples e robusta? Edge VMware Cloud \u00e9 a solu\u00e7\u00e3o.","og_url":"https:\/\/edgeuol.levante.cx\/pt\/hybrid-cloud-infrastructure\/nuvem-hibrida-nuvem-privada\/","og_site_name":"Edge UOL","article_publisher":"https:\/\/www.facebook.com\/edge.uol\/","article_modified_time":"2026-01-27T16:17:10+00:00","og_image":[{"width":960,"height":530,"url":"https:\/\/edgeuol.levante.cx\/app-holder\/uploads\/2024\/02\/hero-edge_vmware_cloud.jpg","type":"image\/jpeg"}],"twitter_card":"summary_large_image","twitter_site":"@edgeuol","twitter_misc":{"Est. tempo de leitura":"4 minutos"},"schema":{"@context":"https:\/\/schema.org","@graph":[{"@type":"WebPage","@id":"https:\/\/edgeuol.levante.cx\/pt\/hybrid-cloud-infrastructure\/nuvem-hibrida-nuvem-privada\/","url":"https:\/\/edgeuol.levante.cx\/pt\/hybrid-cloud-infrastructure\/nuvem-hibrida-nuvem-privada\/","name":"Nuvem H\u00edbrida | Nuvem Privada","isPartOf":{"@id":"https:\/\/edgeuol.levante.cx\/pt\/#website"},"datePublished":"2024-02-21T22:52:19+00:00","dateModified":"2026-01-27T16:17:10+00:00","description":"Ambientes h\u00edbridos e de nuvem privada com alta disponibilidade, escalabilidade e seguran\u00e7a.","breadcrumb":{"@id":"https:\/\/edgeuol.levante.cx\/pt\/hybrid-cloud-infrastructure\/nuvem-hibrida-nuvem-privada\/#breadcrumb"},"inLanguage":"pt-BR","potentialAction":[{"@type":"ReadAction","target":["https:\/\/edgeuol.levante.cx\/pt\/hybrid-cloud-infrastructure\/nuvem-hibrida-nuvem-privada\/"]}]},{"@type":"BreadcrumbList","@id":"https:\/\/edgeuol.levante.cx\/pt\/hybrid-cloud-infrastructure\/nuvem-hibrida-nuvem-privada\/#breadcrumb","itemListElement":[{"@type":"ListItem","position":1,"name":"In\u00edcio","item":"https:\/\/edgeuol.levante.cx\/pt\/"},{"@type":"ListItem","position":2,"name":"Hybrid Cloud &#038; Infrastructure","item":"https:\/\/edgeuol.levante.cx\/pt\/hybrid-cloud-infrastructure\/"},{"@type":"ListItem","position":3,"name":"Nuvem H\u00edbrida | Nuvem Privada"}]},{"@type":"WebSite","@id":"https:\/\/edgeuol.levante.cx\/pt\/#website","url":"https:\/\/edgeuol.levante.cx\/pt\/","name":"Edge UOL","description":"A Edge UOL transforma a \u00e1rea de TI da sua empresa, antecipando o futuro.","potentialAction":[{"@type":"SearchAction","target":{"@type":"EntryPoint","urlTemplate":"https:\/\/edgeuol.levante.cx\/pt\/?s={search_term_string}"},"query-input":{"@type":"PropertyValueSpecification","valueRequired":true,"valueName":"search_term_string"}}],"inLanguage":"pt-BR"}]}},"_links":{"self":[{"href":"https:\/\/edgeuol.levante.cx\/pt\/wp-json\/wp\/v2\/pages\/1170","targetHints":{"allow":["GET"]}}],"collection":[{"href":"https:\/\/edgeuol.levante.cx\/pt\/wp-json\/wp\/v2\/pages"}],"about":[{"href":"https:\/\/edgeuol.levante.cx\/pt\/wp-json\/wp\/v2\/types\/page"}],"author":[{"embeddable":true,"href":"https:\/\/edgeuol.levante.cx\/pt\/wp-json\/wp\/v2\/users\/1"}],"replies":[{"embeddable":true,"href":"https:\/\/edgeuol.levante.cx\/pt\/wp-json\/wp\/v2\/comments?post=1170"}],"version-history":[{"count":31,"href":"https:\/\/edgeuol.levante.cx\/pt\/wp-json\/wp\/v2\/pages\/1170\/revisions"}],"predecessor-version":[{"id":7858,"href":"https:\/\/edgeuol.levante.cx\/pt\/wp-json\/wp\/v2\/pages\/1170\/revisions\/7858"}],"up":[{"embeddable":true,"href":"https:\/\/edgeuol.levante.cx\/pt\/wp-json\/wp\/v2\/pages\/5164"}],"wp:attachment":[{"href":"https:\/\/edgeuol.levante.cx\/pt\/wp-json\/wp\/v2\/media?parent=1170"}],"curies":[{"name":"wp","href":"https:\/\/api.w.org\/{rel}","templated":true}]}}