{"id":357,"date":"2024-02-05T10:00:12","date_gmt":"2024-02-05T13:00:12","guid":{"rendered":"http:\/\/edgeuol.levante.cx\/?page_id=357"},"modified":"2026-03-09T23:05:34","modified_gmt":"2026-03-10T02:05:34","slug":"gsti-e-governanca-de-ti","status":"publish","type":"page","link":"https:\/\/edgeuol.levante.cx\/pt\/universo-tech\/gsti-e-governanca-de-ti\/","title":{"rendered":"GSTI e Governan\u00e7a de TI"},"content":{"rendered":"<h4>Opera\u00e7\u00f5es Aut\u00f4nomas (Autonomous Operations) referem-se a <strong>sistemas ou processos independentes<\/strong>, utilizando automa\u00e7\u00e3o avan\u00e7ada, intelig\u00eancia artificial e uma infraestrutura de TI <strong>para realizar tarefas espec\u00edficas<\/strong><\/h4>\n<p>O objetivo principal \u00e9 otimizar opera\u00e7\u00f5es complexas de forma eficiente e aut\u00f4noma, diminuindo a depend\u00eancia da interven\u00e7\u00e3o humana em decis\u00f5es e na execu\u00e7\u00e3o de tarefas rotineiras, incluindo aquelas que s\u00e3o desafiadores e perigosas para os seres humanos.<\/p>\n<p>Inicialmente, os sistemas devem ser equipados com atuadores e sensores avan\u00e7ados para coletar dados relevantes e em tempo real. \u00c9 essencial contar com algoritmos de intelig\u00eancia artificial e aprendizado de m\u00e1quina robustos, capazes de processar esses dados e tomar decis\u00f5es com base neles, e por fim, monitorar e controlar os eventos e tarefas automatizados.<\/p>\n<p>Contudo, esta tecnologia traz desafios. Alguns exemplos s\u00e3o os dilemas \u00e9ticos sobre responsabilidade e decis\u00f5es aut\u00f4nomas, as preocupa\u00e7\u00f5es com a prote\u00e7\u00e3o contra amea\u00e7as cibern\u00e9ticas e a necessidade de estabelecer normas para garantir a opera\u00e7\u00e3o segura e \u00e9tica dentro da organiza\u00e7\u00e3o.<\/p>\n<h5>Para lidar com esses desafios, a aplica\u00e7\u00e3o de princ\u00edpios de<strong> Governan\u00e7a de TI<\/strong>, para estabelecer as pol\u00edticas e boas pr\u00e1ticas para o planejamento e implementa\u00e7\u00e3o. <strong>Gest\u00e3o de Servi\u00e7os de TI<\/strong> para supervisionar a integra\u00e7\u00e3o e o funcionamento dos sistemas aut\u00f4nomos. E da <strong>Ciberseguran\u00e7a<\/strong>, para prote\u00e7\u00e3o dos recursos cibern\u00e9ticos, com o uso de criptografia, monitoramento de amea\u00e7as e pol\u00edticas de seguran\u00e7a bem definidas<\/h5>\n<p>O objetivo \u00e9 manter a integridade dos dados e dos sistemas envolvidos, promovendo a implementa\u00e7\u00e3o bem-sucedida das Opera\u00e7\u00f5es Aut\u00f4nomas.<\/p>\n<h2>Mas o que isso representa para a organiza\u00e7\u00e3o?<\/h2>\n<p>Os principais objetivos das Opera\u00e7\u00f5es Aut\u00f4nomas incluem melhorias na efici\u00eancia operacional, redu\u00e7\u00e3o de erros humanos, aumento da produtividade, otimiza\u00e7\u00e3o de recursos e redu\u00e7\u00e3o de custos. Al\u00e9m, de proporcionar uma tomada de decis\u00e3o mais embasada em dados em tempo real, impulsionando a inova\u00e7\u00e3o.<\/p>\n<h5>Isto representa diretamente uma <strong>melhoria cont\u00ednua na qualidade dos produtos e servi\u00e7os oferecidos pela organiza\u00e7\u00e3o<\/strong>, bem como a sua capacidade de planejar e criar novas estrat\u00e9gias<\/h5>\n<p>Tudo isso pode potencializar o crescimento e efic\u00e1cia da empresa, transformando a maneira como ela opera e se adapta \u00e0s constantes mudan\u00e7as, em um ambiente cada vez mais competitivo.<\/p>\n","protected":false},"excerpt":{"rendered":"<p>Opera\u00e7\u00f5es Aut\u00f4nomas (Autonomous Operations) referem-se a sistemas ou processos independentes, utilizando automa\u00e7\u00e3o avan\u00e7ada, intelig\u00eancia artificial e uma infraestrutura de TI para realizar tarefas espec\u00edficas O objetivo principal \u00e9 otimizar opera\u00e7\u00f5es complexas de forma eficiente e aut\u00f4noma, diminuindo a depend\u00eancia da interven\u00e7\u00e3o humana em decis\u00f5es e na execu\u00e7\u00e3o de tarefas rotineiras, incluindo aquelas que s\u00e3o desafiadores [&hellip;]<\/p>\n","protected":false},"author":1,"featured_media":0,"parent":219,"menu_order":0,"comment_status":"closed","ping_status":"closed","template":"page_instrucional-single.php","meta":{"_acf_changed":false,"inline_featured_image":false,"footnotes":""},"class_list":["post-357","page","type-page","status-publish","hentry"],"acf":[],"yoast_head":"<!-- This site is optimized with the Yoast SEO Premium plugin v26.5 (Yoast SEO v27.0) - https:\/\/yoast.com\/product\/yoast-seo-premium-wordpress\/ -->\n<title>Universo Tech | Edge UOL<\/title>\n<meta name=\"description\" content=\"GSTI e Governan\u00e7a de TI.\" \/>\n<meta name=\"robots\" content=\"noindex, follow, max-snippet:-1, max-image-preview:large, max-video-preview:-1\" \/>\n<meta property=\"og:locale\" content=\"pt_BR\" \/>\n<meta property=\"og:type\" content=\"article\" \/>\n<meta property=\"og:title\" content=\"Universo Tech\" \/>\n<meta property=\"og:description\" content=\"GSTI e Governan\u00e7a de TI.\" \/>\n<meta property=\"og:url\" content=\"https:\/\/edgeuol.levante.cx\/pt\/universo-tech\/gsti-e-governanca-de-ti\/\" \/>\n<meta property=\"og:site_name\" content=\"Edge UOL\" \/>\n<meta property=\"article:publisher\" content=\"https:\/\/www.facebook.com\/edge.uol\/\" \/>\n<meta property=\"article:modified_time\" content=\"2026-03-10T02:05:34+00:00\" \/>\n<meta property=\"og:image\" content=\"https:\/\/edgeuol.levante.cx\/app-holder\/uploads\/2024\/02\/hero_GSTI.jpg\" \/>\n\t<meta property=\"og:image:width\" content=\"960\" \/>\n\t<meta property=\"og:image:height\" content=\"360\" \/>\n\t<meta property=\"og:image:type\" content=\"image\/jpeg\" \/>\n<meta name=\"twitter:card\" content=\"summary_large_image\" \/>\n<meta name=\"twitter:title\" content=\"GSTI e Governan\u00e7a de TI\" \/>\n<meta name=\"twitter:site\" content=\"@edgeuol\" \/>\n<meta name=\"twitter:label1\" content=\"Est. tempo de leitura\" \/>\n\t<meta name=\"twitter:data1\" content=\"6 minutos\" \/>\n<script type=\"application\/ld+json\" class=\"yoast-schema-graph\">{\"@context\":\"https:\/\/schema.org\",\"@graph\":[{\"@type\":\"WebPage\",\"@id\":\"https:\/\/edgeuol.levante.cx\/pt\/universo-tech\/gsti-e-governanca-de-ti\/\",\"url\":\"https:\/\/edgeuol.levante.cx\/pt\/universo-tech\/gsti-e-governanca-de-ti\/\",\"name\":\"Universo Tech | Edge UOL\",\"isPartOf\":{\"@id\":\"https:\/\/edgeuol.levante.cx\/pt\/#website\"},\"datePublished\":\"2024-02-05T13:00:12+00:00\",\"dateModified\":\"2026-03-10T02:05:34+00:00\",\"description\":\"GSTI e Governan\u00e7a de TI.\",\"breadcrumb\":{\"@id\":\"https:\/\/edgeuol.levante.cx\/pt\/universo-tech\/gsti-e-governanca-de-ti\/#breadcrumb\"},\"inLanguage\":\"pt-BR\",\"potentialAction\":[{\"@type\":\"ReadAction\",\"target\":[\"https:\/\/edgeuol.levante.cx\/pt\/universo-tech\/gsti-e-governanca-de-ti\/\"]}]},{\"@type\":\"BreadcrumbList\",\"@id\":\"https:\/\/edgeuol.levante.cx\/pt\/universo-tech\/gsti-e-governanca-de-ti\/#breadcrumb\",\"itemListElement\":[{\"@type\":\"ListItem\",\"position\":1,\"name\":\"In\u00edcio\",\"item\":\"https:\/\/edgeuol.levante.cx\/pt\/\"},{\"@type\":\"ListItem\",\"position\":2,\"name\":\"Universo Tech\",\"item\":\"https:\/\/edgeuol.levante.cx\/pt\/universo-tech\/\"},{\"@type\":\"ListItem\",\"position\":3,\"name\":\"GSTI e Governan\u00e7a de TI\"}]},{\"@type\":\"WebSite\",\"@id\":\"https:\/\/edgeuol.levante.cx\/pt\/#website\",\"url\":\"https:\/\/edgeuol.levante.cx\/pt\/\",\"name\":\"Edge UOL\",\"description\":\"A Edge UOL transforma a \u00e1rea de TI da sua empresa, antecipando o futuro.\",\"potentialAction\":[{\"@type\":\"SearchAction\",\"target\":{\"@type\":\"EntryPoint\",\"urlTemplate\":\"https:\/\/edgeuol.levante.cx\/pt\/?s={search_term_string}\"},\"query-input\":{\"@type\":\"PropertyValueSpecification\",\"valueRequired\":true,\"valueName\":\"search_term_string\"}}],\"inLanguage\":\"pt-BR\"}]}<\/script>\n<!-- \/ Yoast SEO Premium plugin. -->","yoast_head_json":{"title":"Universo Tech | Edge UOL","description":"GSTI e Governan\u00e7a de TI.","robots":{"index":"noindex","follow":"follow","max-snippet":"max-snippet:-1","max-image-preview":"max-image-preview:large","max-video-preview":"max-video-preview:-1"},"og_locale":"pt_BR","og_type":"article","og_title":"Universo Tech","og_description":"GSTI e Governan\u00e7a de TI.","og_url":"https:\/\/edgeuol.levante.cx\/pt\/universo-tech\/gsti-e-governanca-de-ti\/","og_site_name":"Edge UOL","article_publisher":"https:\/\/www.facebook.com\/edge.uol\/","article_modified_time":"2026-03-10T02:05:34+00:00","og_image":[{"width":960,"height":360,"url":"https:\/\/edgeuol.levante.cx\/app-holder\/uploads\/2024\/02\/hero_GSTI.jpg","type":"image\/jpeg"}],"twitter_card":"summary_large_image","twitter_title":"GSTI e Governan\u00e7a de TI","twitter_site":"@edgeuol","twitter_misc":{"Est. tempo de leitura":"6 minutos"},"schema":{"@context":"https:\/\/schema.org","@graph":[{"@type":"WebPage","@id":"https:\/\/edgeuol.levante.cx\/pt\/universo-tech\/gsti-e-governanca-de-ti\/","url":"https:\/\/edgeuol.levante.cx\/pt\/universo-tech\/gsti-e-governanca-de-ti\/","name":"Universo Tech | Edge UOL","isPartOf":{"@id":"https:\/\/edgeuol.levante.cx\/pt\/#website"},"datePublished":"2024-02-05T13:00:12+00:00","dateModified":"2026-03-10T02:05:34+00:00","description":"GSTI e Governan\u00e7a de TI.","breadcrumb":{"@id":"https:\/\/edgeuol.levante.cx\/pt\/universo-tech\/gsti-e-governanca-de-ti\/#breadcrumb"},"inLanguage":"pt-BR","potentialAction":[{"@type":"ReadAction","target":["https:\/\/edgeuol.levante.cx\/pt\/universo-tech\/gsti-e-governanca-de-ti\/"]}]},{"@type":"BreadcrumbList","@id":"https:\/\/edgeuol.levante.cx\/pt\/universo-tech\/gsti-e-governanca-de-ti\/#breadcrumb","itemListElement":[{"@type":"ListItem","position":1,"name":"In\u00edcio","item":"https:\/\/edgeuol.levante.cx\/pt\/"},{"@type":"ListItem","position":2,"name":"Universo Tech","item":"https:\/\/edgeuol.levante.cx\/pt\/universo-tech\/"},{"@type":"ListItem","position":3,"name":"GSTI e Governan\u00e7a de TI"}]},{"@type":"WebSite","@id":"https:\/\/edgeuol.levante.cx\/pt\/#website","url":"https:\/\/edgeuol.levante.cx\/pt\/","name":"Edge UOL","description":"A Edge UOL transforma a \u00e1rea de TI da sua empresa, antecipando o futuro.","potentialAction":[{"@type":"SearchAction","target":{"@type":"EntryPoint","urlTemplate":"https:\/\/edgeuol.levante.cx\/pt\/?s={search_term_string}"},"query-input":{"@type":"PropertyValueSpecification","valueRequired":true,"valueName":"search_term_string"}}],"inLanguage":"pt-BR"}]}},"_links":{"self":[{"href":"https:\/\/edgeuol.levante.cx\/pt\/wp-json\/wp\/v2\/pages\/357","targetHints":{"allow":["GET"]}}],"collection":[{"href":"https:\/\/edgeuol.levante.cx\/pt\/wp-json\/wp\/v2\/pages"}],"about":[{"href":"https:\/\/edgeuol.levante.cx\/pt\/wp-json\/wp\/v2\/types\/page"}],"author":[{"embeddable":true,"href":"https:\/\/edgeuol.levante.cx\/pt\/wp-json\/wp\/v2\/users\/1"}],"replies":[{"embeddable":true,"href":"https:\/\/edgeuol.levante.cx\/pt\/wp-json\/wp\/v2\/comments?post=357"}],"version-history":[{"count":37,"href":"https:\/\/edgeuol.levante.cx\/pt\/wp-json\/wp\/v2\/pages\/357\/revisions"}],"predecessor-version":[{"id":8210,"href":"https:\/\/edgeuol.levante.cx\/pt\/wp-json\/wp\/v2\/pages\/357\/revisions\/8210"}],"up":[{"embeddable":true,"href":"https:\/\/edgeuol.levante.cx\/pt\/wp-json\/wp\/v2\/pages\/219"}],"wp:attachment":[{"href":"https:\/\/edgeuol.levante.cx\/pt\/wp-json\/wp\/v2\/media?parent=357"}],"curies":[{"name":"wp","href":"https:\/\/api.w.org\/{rel}","templated":true}]}}