{"id":4874,"date":"2024-07-18T12:31:42","date_gmt":"2024-07-18T15:31:42","guid":{"rendered":"https:\/\/edgeuol.levante.cx\/?page_id=4874"},"modified":"2026-03-10T19:45:50","modified_gmt":"2026-03-10T22:45:50","slug":"acessibilidade","status":"publish","type":"page","link":"https:\/\/edgeuol.levante.cx\/pt\/acessibilidade\/","title":{"rendered":"Acessibilidade"},"content":{"rendered":"<p>A diversidade e a inclus\u00e3o s\u00e3o parte importante de quem somos e do que representamos aqui na <strong>Edge UOL<\/strong>. Trabalhamos para que todos os nossos sites sejam acess\u00edveis a todos.<\/p>\n<h5>Acesse o que voc\u00ea precisa<\/h5>\n<p>Trabalhamos para garantir que nossos sites funcionem em navegadores populares de diversas plataformas, desde <em>desktops<\/em> at\u00e9 <em>smartphones<\/em>.<\/p>\n<h5>Leia com facilidade<\/h5>\n<p>Para aumentar ou diminuir a exibi\u00e7\u00e3o da p\u00e1gina na tela em navegadores mais populares, como <strong>Microsoft Edge<\/strong>, <strong>Chrome<\/strong>, <strong>Firefox<\/strong>, <strong>Safari<\/strong> e <strong>Opera<\/strong> \u00e9 simples.<\/p>\n<ul>\n<li><strong>Em um computador <em>desktop<\/em>:<\/strong><br \/>\nAperte e segure a tecla <em>\u201cControl\u201d<\/em> (<em>Windows<\/em>) ou <em>\u201cCommand\u201d<\/em> (<em>Mac OS<\/em>). Pressione &#8220;+&#8221; para ampliar ou &#8220;-&#8221; para diminuir.<\/li>\n<li><strong>Em um <em>smartphone<\/em> ou <em>tablet<\/em>:<\/strong><br \/>\nPosicionando seu dedo indicador e ded\u00e3o sobre a tela. Abra o indicador para ampliar ou feche para diminuir.<\/li>\n<\/ul>\n<h5>Amplie sua tela<\/h5>\n<p>Todas as vers\u00f5es recentes do <em>Windows<\/em> possuem uma lente de aumento, que permite aos usu\u00e1rios ampliar uma parte da tela. Para pessoas com Defici\u00eancia visual \u00e9 preciso instalar um <em>software<\/em> de amplia\u00e7\u00e3o funcional que se adeque \u00e0 sua necessidade.<br \/>\n<em><span style=\"text-decoration: underline;\"><a href=\"https:\/\/support.microsoft.com\/pt-br\/windows\/usar-a-lupa-para-facilitar-a-visualiza%C3%A7%C3%A3o-dos-itens-na-tela-414948ba-8b1c-d3bd-8615-0e5e32204198\" target=\"_blank\" rel=\"noopener\">Saiba mais sobre ampliadores de tela no Windows<\/a><\/span><\/em><\/p>\n<p>Usu\u00e1rios que utilizam os sistemas operacionais <em>OS X<\/em> da <em>Apple<\/em> devem usar o recurso \u201cTexto sob Cursor\u201d.<br \/>\n<em><a href=\"https:\/\/support.apple.com\/pt-br\/guide\/mac-help\/mh35884\/mac\" target=\"_blank\" rel=\"noopener\"><span style=\"text-decoration: underline;\">Saiba mais sobre recursos de acessibilidade no OS X<\/span><\/a><\/em><\/p>\n<h5>Utilize um leitor de tela<\/h5>\n<p>No <em>Windows<\/em>, o recurso <em>\u201cWindows Narrator\u201d<\/em> converte o texto na tela em fala.<br \/>\n<em><a href=\"https:\/\/support.microsoft.com\/pt-br\/windows\/guia-completo-do-narrador-e4397a0d-ef4f-b386-d8ae-c172f109bdb1#WindowsVersion=Windows_11\" target=\"_blank\" rel=\"noopener\"><span style=\"text-decoration: underline;\">Saiba como utilizar<\/span><\/a><\/em><\/p>\n<p>J\u00e1 no <em>OS X Apple<\/em>, o recurso \u00e9 o <em>\u201cVoiceOver\u201d<\/em>.<br \/>\n<em><a href=\"https:\/\/support.apple.com\/pt-br\/guide\/voiceover\/vo2682\/mac\" target=\"_blank\" rel=\"noopener\"><span style=\"text-decoration: underline;\">Saiba como utilizar<\/span><\/a><\/em><\/p>\n","protected":false},"excerpt":{"rendered":"<p>A diversidade e a inclus\u00e3o s\u00e3o parte importante de quem somos e do que representamos aqui na Edge UOL. Trabalhamos para que todos os nossos sites sejam acess\u00edveis a todos. Acesse o que voc\u00ea precisa Trabalhamos para garantir que nossos sites funcionem em navegadores populares de diversas plataformas, desde desktops at\u00e9 smartphones. Leia com facilidade [&hellip;]<\/p>\n","protected":false},"author":1,"featured_media":0,"parent":0,"menu_order":0,"comment_status":"closed","ping_status":"closed","template":"page-politica.php","meta":{"_acf_changed":false,"inline_featured_image":false,"footnotes":""},"class_list":["post-4874","page","type-page","status-publish","hentry"],"acf":[],"yoast_head":"<!-- This site is optimized with the Yoast SEO Premium plugin v26.5 (Yoast SEO v27.0) - https:\/\/yoast.com\/product\/yoast-seo-premium-wordpress\/ -->\n<title>Acessibilidade | Edge UOL<\/title>\n<meta name=\"description\" content=\"A diversidade e a inclus\u00e3o s\u00e3o parte importante de quem somos e do que representamos aqui na Edge UOL. Trabalhamos para que todos os nossos sites sejam\" \/>\n<meta name=\"robots\" content=\"noindex, follow, max-snippet:-1, max-image-preview:large, max-video-preview:-1\" \/>\n<meta property=\"og:locale\" content=\"pt_BR\" \/>\n<meta property=\"og:type\" content=\"article\" \/>\n<meta property=\"og:title\" content=\"Acessibilidade\" \/>\n<meta property=\"og:description\" content=\"A diversidade e a inclus\u00e3o s\u00e3o parte importante de quem somos e do que representamos aqui na Edge UOL. Trabalhamos para que todos os nossos sites sejam\" \/>\n<meta property=\"og:url\" content=\"https:\/\/edgeuol.levante.cx\/pt\/acessibilidade\/\" \/>\n<meta property=\"og:site_name\" content=\"Edge UOL\" \/>\n<meta property=\"article:publisher\" content=\"https:\/\/www.facebook.com\/edge.uol\/\" \/>\n<meta property=\"article:modified_time\" content=\"2026-03-10T22:45:50+00:00\" \/>\n<meta property=\"og:image\" content=\"https:\/\/edgeuol.levante.cx\/app-holder\/uploads\/2024\/03\/edgeuol-seo.jpg\" \/>\n\t<meta property=\"og:image:width\" content=\"1200\" \/>\n\t<meta property=\"og:image:height\" content=\"675\" \/>\n\t<meta property=\"og:image:type\" content=\"image\/jpeg\" \/>\n<meta name=\"twitter:card\" content=\"summary_large_image\" \/>\n<meta name=\"twitter:site\" content=\"@edgeuol\" \/>\n<meta name=\"twitter:label1\" content=\"Est. tempo de leitura\" \/>\n\t<meta name=\"twitter:data1\" content=\"2 minutos\" \/>\n<script type=\"application\/ld+json\" class=\"yoast-schema-graph\">{\"@context\":\"https:\/\/schema.org\",\"@graph\":[{\"@type\":\"WebPage\",\"@id\":\"https:\/\/edgeuol.levante.cx\/pt\/acessibilidade\/\",\"url\":\"https:\/\/edgeuol.levante.cx\/pt\/acessibilidade\/\",\"name\":\"Acessibilidade | Edge UOL\",\"isPartOf\":{\"@id\":\"https:\/\/edgeuol.levante.cx\/pt\/#website\"},\"datePublished\":\"2024-07-18T15:31:42+00:00\",\"dateModified\":\"2026-03-10T22:45:50+00:00\",\"description\":\"A diversidade e a inclus\u00e3o s\u00e3o parte importante de quem somos e do que representamos aqui na Edge UOL. Trabalhamos para que todos os nossos sites sejam\",\"breadcrumb\":{\"@id\":\"https:\/\/edgeuol.levante.cx\/pt\/acessibilidade\/#breadcrumb\"},\"inLanguage\":\"pt-BR\",\"potentialAction\":[{\"@type\":\"ReadAction\",\"target\":[\"https:\/\/edgeuol.levante.cx\/pt\/acessibilidade\/\"]}]},{\"@type\":\"BreadcrumbList\",\"@id\":\"https:\/\/edgeuol.levante.cx\/pt\/acessibilidade\/#breadcrumb\",\"itemListElement\":[{\"@type\":\"ListItem\",\"position\":1,\"name\":\"In\u00edcio\",\"item\":\"https:\/\/edgeuol.levante.cx\/pt\/\"},{\"@type\":\"ListItem\",\"position\":2,\"name\":\"Acessibilidade\"}]},{\"@type\":\"WebSite\",\"@id\":\"https:\/\/edgeuol.levante.cx\/pt\/#website\",\"url\":\"https:\/\/edgeuol.levante.cx\/pt\/\",\"name\":\"Edge UOL\",\"description\":\"A Edge UOL transforma a \u00e1rea de TI da sua empresa, antecipando o futuro.\",\"potentialAction\":[{\"@type\":\"SearchAction\",\"target\":{\"@type\":\"EntryPoint\",\"urlTemplate\":\"https:\/\/edgeuol.levante.cx\/pt\/?s={search_term_string}\"},\"query-input\":{\"@type\":\"PropertyValueSpecification\",\"valueRequired\":true,\"valueName\":\"search_term_string\"}}],\"inLanguage\":\"pt-BR\"}]}<\/script>\n<!-- \/ Yoast SEO Premium plugin. -->","yoast_head_json":{"title":"Acessibilidade | Edge UOL","description":"A diversidade e a inclus\u00e3o s\u00e3o parte importante de quem somos e do que representamos aqui na Edge UOL. Trabalhamos para que todos os nossos sites sejam","robots":{"index":"noindex","follow":"follow","max-snippet":"max-snippet:-1","max-image-preview":"max-image-preview:large","max-video-preview":"max-video-preview:-1"},"og_locale":"pt_BR","og_type":"article","og_title":"Acessibilidade","og_description":"A diversidade e a inclus\u00e3o s\u00e3o parte importante de quem somos e do que representamos aqui na Edge UOL. Trabalhamos para que todos os nossos sites sejam","og_url":"https:\/\/edgeuol.levante.cx\/pt\/acessibilidade\/","og_site_name":"Edge UOL","article_publisher":"https:\/\/www.facebook.com\/edge.uol\/","article_modified_time":"2026-03-10T22:45:50+00:00","og_image":[{"width":1200,"height":675,"url":"https:\/\/edgeuol.levante.cx\/app-holder\/uploads\/2024\/03\/edgeuol-seo.jpg","type":"image\/jpeg"}],"twitter_card":"summary_large_image","twitter_site":"@edgeuol","twitter_misc":{"Est. tempo de leitura":"2 minutos"},"schema":{"@context":"https:\/\/schema.org","@graph":[{"@type":"WebPage","@id":"https:\/\/edgeuol.levante.cx\/pt\/acessibilidade\/","url":"https:\/\/edgeuol.levante.cx\/pt\/acessibilidade\/","name":"Acessibilidade | Edge UOL","isPartOf":{"@id":"https:\/\/edgeuol.levante.cx\/pt\/#website"},"datePublished":"2024-07-18T15:31:42+00:00","dateModified":"2026-03-10T22:45:50+00:00","description":"A diversidade e a inclus\u00e3o s\u00e3o parte importante de quem somos e do que representamos aqui na Edge UOL. Trabalhamos para que todos os nossos sites sejam","breadcrumb":{"@id":"https:\/\/edgeuol.levante.cx\/pt\/acessibilidade\/#breadcrumb"},"inLanguage":"pt-BR","potentialAction":[{"@type":"ReadAction","target":["https:\/\/edgeuol.levante.cx\/pt\/acessibilidade\/"]}]},{"@type":"BreadcrumbList","@id":"https:\/\/edgeuol.levante.cx\/pt\/acessibilidade\/#breadcrumb","itemListElement":[{"@type":"ListItem","position":1,"name":"In\u00edcio","item":"https:\/\/edgeuol.levante.cx\/pt\/"},{"@type":"ListItem","position":2,"name":"Acessibilidade"}]},{"@type":"WebSite","@id":"https:\/\/edgeuol.levante.cx\/pt\/#website","url":"https:\/\/edgeuol.levante.cx\/pt\/","name":"Edge UOL","description":"A Edge UOL transforma a \u00e1rea de TI da sua empresa, antecipando o futuro.","potentialAction":[{"@type":"SearchAction","target":{"@type":"EntryPoint","urlTemplate":"https:\/\/edgeuol.levante.cx\/pt\/?s={search_term_string}"},"query-input":{"@type":"PropertyValueSpecification","valueRequired":true,"valueName":"search_term_string"}}],"inLanguage":"pt-BR"}]}},"_links":{"self":[{"href":"https:\/\/edgeuol.levante.cx\/pt\/wp-json\/wp\/v2\/pages\/4874","targetHints":{"allow":["GET"]}}],"collection":[{"href":"https:\/\/edgeuol.levante.cx\/pt\/wp-json\/wp\/v2\/pages"}],"about":[{"href":"https:\/\/edgeuol.levante.cx\/pt\/wp-json\/wp\/v2\/types\/page"}],"author":[{"embeddable":true,"href":"https:\/\/edgeuol.levante.cx\/pt\/wp-json\/wp\/v2\/users\/1"}],"replies":[{"embeddable":true,"href":"https:\/\/edgeuol.levante.cx\/pt\/wp-json\/wp\/v2\/comments?post=4874"}],"version-history":[{"count":3,"href":"https:\/\/edgeuol.levante.cx\/pt\/wp-json\/wp\/v2\/pages\/4874\/revisions"}],"predecessor-version":[{"id":8227,"href":"https:\/\/edgeuol.levante.cx\/pt\/wp-json\/wp\/v2\/pages\/4874\/revisions\/8227"}],"wp:attachment":[{"href":"https:\/\/edgeuol.levante.cx\/pt\/wp-json\/wp\/v2\/media?parent=4874"}],"curies":[{"name":"wp","href":"https:\/\/api.w.org\/{rel}","templated":true}]}}