{"id":7630,"date":"2026-01-08T09:56:24","date_gmt":"2026-01-08T12:56:24","guid":{"rendered":"https:\/\/edgeuol.levante.cx\/?page_id=7630"},"modified":"2026-01-14T18:53:23","modified_gmt":"2026-01-14T21:53:23","slug":"protecao-de-dados","status":"publish","type":"page","link":"https:\/\/edgeuol.levante.cx\/pt\/cyber-resilience\/protecao-de-dados\/","title":{"rendered":"Prote\u00e7\u00e3o de Dados"},"content":{"rendered":"","protected":false},"excerpt":{"rendered":"","protected":false},"author":1,"featured_media":0,"parent":6997,"menu_order":0,"comment_status":"closed","ping_status":"closed","template":"page_solution2.php","meta":{"_acf_changed":false,"inline_featured_image":false,"footnotes":""},"class_list":["post-7630","page","type-page","status-publish","hentry"],"acf":[],"yoast_head":"<!-- This site is optimized with the Yoast SEO Premium plugin v26.5 (Yoast SEO v27.0) - https:\/\/yoast.com\/product\/yoast-seo-premium-wordpress\/ -->\n<title>Prote\u00e7\u00e3o de Dados<\/title>\n<meta name=\"description\" content=\"Preserve seus dados com backup seguro\" \/>\n<meta name=\"robots\" content=\"noindex, follow, max-snippet:-1, max-image-preview:large, max-video-preview:-1\" \/>\n<meta property=\"og:locale\" content=\"pt_BR\" \/>\n<meta property=\"og:type\" content=\"article\" \/>\n<meta property=\"og:title\" content=\"Prote\u00e7\u00e3o de Dados\" \/>\n<meta property=\"og:description\" content=\"Recupera\u00e7\u00e3o de Sistemas como Servi\u00e7o (DRaaS) da Edge UOL replica o ambiente de sua empresa, melhorando a seguran\u00e7a e a disponibilidade dos ambientes.\" \/>\n<meta property=\"og:url\" content=\"https:\/\/edgeuol.levante.cx\/pt\/cyber-resilience\/protecao-de-dados\/\" \/>\n<meta property=\"og:site_name\" content=\"Edge UOL\" \/>\n<meta property=\"article:publisher\" content=\"https:\/\/www.facebook.com\/edge.uol\/\" \/>\n<meta property=\"article:modified_time\" content=\"2026-01-14T21:53:23+00:00\" \/>\n<meta property=\"og:image\" content=\"https:\/\/edgeuol.levante.cx\/app-holder\/uploads\/2024\/02\/hero-edge_vmware_cloud.jpg\" \/>\n\t<meta property=\"og:image:width\" content=\"960\" \/>\n\t<meta property=\"og:image:height\" content=\"530\" \/>\n\t<meta property=\"og:image:type\" content=\"image\/jpeg\" \/>\n<meta name=\"twitter:card\" content=\"summary_large_image\" \/>\n<meta name=\"twitter:site\" content=\"@edgeuol\" \/>\n<meta name=\"twitter:label1\" content=\"Est. tempo de leitura\" \/>\n\t<meta name=\"twitter:data1\" content=\"3 minutos\" \/>\n<script type=\"application\/ld+json\" class=\"yoast-schema-graph\">{\"@context\":\"https:\/\/schema.org\",\"@graph\":[{\"@type\":\"WebPage\",\"@id\":\"https:\/\/edgeuol.levante.cx\/pt\/cyber-resilience\/protecao-de-dados\/\",\"url\":\"https:\/\/edgeuol.levante.cx\/pt\/cyber-resilience\/protecao-de-dados\/\",\"name\":\"Prote\u00e7\u00e3o de Dados\",\"isPartOf\":{\"@id\":\"https:\/\/edgeuol.levante.cx\/pt\/#website\"},\"datePublished\":\"2026-01-08T12:56:24+00:00\",\"dateModified\":\"2026-01-14T21:53:23+00:00\",\"description\":\"Preserve seus dados com backup seguro\",\"breadcrumb\":{\"@id\":\"https:\/\/edgeuol.levante.cx\/pt\/cyber-resilience\/protecao-de-dados\/#breadcrumb\"},\"inLanguage\":\"pt-BR\",\"potentialAction\":[{\"@type\":\"ReadAction\",\"target\":[\"https:\/\/edgeuol.levante.cx\/pt\/cyber-resilience\/protecao-de-dados\/\"]}]},{\"@type\":\"BreadcrumbList\",\"@id\":\"https:\/\/edgeuol.levante.cx\/pt\/cyber-resilience\/protecao-de-dados\/#breadcrumb\",\"itemListElement\":[{\"@type\":\"ListItem\",\"position\":1,\"name\":\"In\u00edcio\",\"item\":\"https:\/\/edgeuol.levante.cx\/pt\/\"},{\"@type\":\"ListItem\",\"position\":2,\"name\":\"Cyber Resilience\",\"item\":\"https:\/\/edgeuol.levante.cx\/pt\/cyber-resilience\/\"},{\"@type\":\"ListItem\",\"position\":3,\"name\":\"Prote\u00e7\u00e3o de Dados\"}]},{\"@type\":\"WebSite\",\"@id\":\"https:\/\/edgeuol.levante.cx\/pt\/#website\",\"url\":\"https:\/\/edgeuol.levante.cx\/pt\/\",\"name\":\"Edge UOL\",\"description\":\"A Edge UOL transforma a \u00e1rea de TI da sua empresa, antecipando o futuro.\",\"potentialAction\":[{\"@type\":\"SearchAction\",\"target\":{\"@type\":\"EntryPoint\",\"urlTemplate\":\"https:\/\/edgeuol.levante.cx\/pt\/?s={search_term_string}\"},\"query-input\":{\"@type\":\"PropertyValueSpecification\",\"valueRequired\":true,\"valueName\":\"search_term_string\"}}],\"inLanguage\":\"pt-BR\"}]}<\/script>\n<!-- \/ Yoast SEO Premium plugin. -->","yoast_head_json":{"title":"Prote\u00e7\u00e3o de Dados","description":"Preserve seus dados com backup seguro","robots":{"index":"noindex","follow":"follow","max-snippet":"max-snippet:-1","max-image-preview":"max-image-preview:large","max-video-preview":"max-video-preview:-1"},"og_locale":"pt_BR","og_type":"article","og_title":"Prote\u00e7\u00e3o de Dados","og_description":"Recupera\u00e7\u00e3o de Sistemas como Servi\u00e7o (DRaaS) da Edge UOL replica o ambiente de sua empresa, melhorando a seguran\u00e7a e a disponibilidade dos ambientes.","og_url":"https:\/\/edgeuol.levante.cx\/pt\/cyber-resilience\/protecao-de-dados\/","og_site_name":"Edge UOL","article_publisher":"https:\/\/www.facebook.com\/edge.uol\/","article_modified_time":"2026-01-14T21:53:23+00:00","og_image":[{"width":960,"height":530,"url":"https:\/\/edgeuol.levante.cx\/app-holder\/uploads\/2024\/02\/hero-edge_vmware_cloud.jpg","type":"image\/jpeg"}],"twitter_card":"summary_large_image","twitter_site":"@edgeuol","twitter_misc":{"Est. tempo de leitura":"3 minutos"},"schema":{"@context":"https:\/\/schema.org","@graph":[{"@type":"WebPage","@id":"https:\/\/edgeuol.levante.cx\/pt\/cyber-resilience\/protecao-de-dados\/","url":"https:\/\/edgeuol.levante.cx\/pt\/cyber-resilience\/protecao-de-dados\/","name":"Prote\u00e7\u00e3o de Dados","isPartOf":{"@id":"https:\/\/edgeuol.levante.cx\/pt\/#website"},"datePublished":"2026-01-08T12:56:24+00:00","dateModified":"2026-01-14T21:53:23+00:00","description":"Preserve seus dados com backup seguro","breadcrumb":{"@id":"https:\/\/edgeuol.levante.cx\/pt\/cyber-resilience\/protecao-de-dados\/#breadcrumb"},"inLanguage":"pt-BR","potentialAction":[{"@type":"ReadAction","target":["https:\/\/edgeuol.levante.cx\/pt\/cyber-resilience\/protecao-de-dados\/"]}]},{"@type":"BreadcrumbList","@id":"https:\/\/edgeuol.levante.cx\/pt\/cyber-resilience\/protecao-de-dados\/#breadcrumb","itemListElement":[{"@type":"ListItem","position":1,"name":"In\u00edcio","item":"https:\/\/edgeuol.levante.cx\/pt\/"},{"@type":"ListItem","position":2,"name":"Cyber Resilience","item":"https:\/\/edgeuol.levante.cx\/pt\/cyber-resilience\/"},{"@type":"ListItem","position":3,"name":"Prote\u00e7\u00e3o de Dados"}]},{"@type":"WebSite","@id":"https:\/\/edgeuol.levante.cx\/pt\/#website","url":"https:\/\/edgeuol.levante.cx\/pt\/","name":"Edge UOL","description":"A Edge UOL transforma a \u00e1rea de TI da sua empresa, antecipando o futuro.","potentialAction":[{"@type":"SearchAction","target":{"@type":"EntryPoint","urlTemplate":"https:\/\/edgeuol.levante.cx\/pt\/?s={search_term_string}"},"query-input":{"@type":"PropertyValueSpecification","valueRequired":true,"valueName":"search_term_string"}}],"inLanguage":"pt-BR"}]}},"_links":{"self":[{"href":"https:\/\/edgeuol.levante.cx\/pt\/wp-json\/wp\/v2\/pages\/7630","targetHints":{"allow":["GET"]}}],"collection":[{"href":"https:\/\/edgeuol.levante.cx\/pt\/wp-json\/wp\/v2\/pages"}],"about":[{"href":"https:\/\/edgeuol.levante.cx\/pt\/wp-json\/wp\/v2\/types\/page"}],"author":[{"embeddable":true,"href":"https:\/\/edgeuol.levante.cx\/pt\/wp-json\/wp\/v2\/users\/1"}],"replies":[{"embeddable":true,"href":"https:\/\/edgeuol.levante.cx\/pt\/wp-json\/wp\/v2\/comments?post=7630"}],"version-history":[{"count":9,"href":"https:\/\/edgeuol.levante.cx\/pt\/wp-json\/wp\/v2\/pages\/7630\/revisions"}],"predecessor-version":[{"id":7785,"href":"https:\/\/edgeuol.levante.cx\/pt\/wp-json\/wp\/v2\/pages\/7630\/revisions\/7785"}],"up":[{"embeddable":true,"href":"https:\/\/edgeuol.levante.cx\/pt\/wp-json\/wp\/v2\/pages\/6997"}],"wp:attachment":[{"href":"https:\/\/edgeuol.levante.cx\/pt\/wp-json\/wp\/v2\/media?parent=7630"}],"curies":[{"name":"wp","href":"https:\/\/api.w.org\/{rel}","templated":true}]}}